{"id":53,"date":"2017-04-22T05:30:04","date_gmt":"2017-04-22T03:30:04","guid":{"rendered":"http:\/\/windelflitzer-leonberg.de\/relaunch17\/?page_id=53"},"modified":"2025-07-13T22:57:14","modified_gmt":"2025-07-13T20:57:14","slug":"verein","status":"publish","type":"page","link":"https:\/\/windelflitzer-leonberg.de\/index.php\/verein\/","title":{"rendered":"Verein"},"content":{"rendered":"\t\t<div data-elementor-type=\"wp-post\" data-elementor-id=\"53\" class=\"elementor elementor-53\" data-elementor-settings=\"[]\">\n\t\t\t\t\t\t<div class=\"elementor-inner\">\n\t\t\t\t\t\t\t<div class=\"elementor-section-wrap\">\n\t\t\t\t\t\t\t<section class=\"elementor-section elementor-top-section elementor-element elementor-element-3cac424 elementor-section-boxed elementor-section-height-default elementor-section-height-default\" data-id=\"3cac424\" data-element_type=\"section\">\n\t\t\t\t\t\t<div class=\"elementor-container elementor-column-gap-default\">\n\t\t\t\t\t\t\t<div class=\"elementor-row\">\n\t\t\t\t\t<div class=\"elementor-column elementor-col-100 elementor-top-column elementor-element elementor-element-523b42f\" data-id=\"523b42f\" data-element_type=\"column\">\n\t\t\t<div class=\"elementor-column-wrap elementor-element-populated\">\n\t\t\t\t\t\t\t<div class=\"elementor-widget-wrap\">\n\t\t\t\t\t\t<div class=\"elementor-element elementor-element-4c806e4 elementor-widget elementor-widget-text-editor\" data-id=\"4c806e4\" data-element_type=\"widget\" data-widget_type=\"text-editor.default\">\n\t\t\t\t<div class=\"elementor-widget-container\">\n\t\t\t\t\t<div class=\"elementor-text-editor elementor-clearfix\"><p>Der gemeinn\u00fctzige Elternverein \u201eWindelflitzer e.V.\u201c ist ein anerkannter Tr\u00e4ger der freien Jugendhilfe und hat sich im Jahr 2006 gegr\u00fcndet. Die Initiative ging vorwiegend von Eltern aus, die bei der Firma Bosch arbeiten.<\/p><p>Das Profil der Tageseinrichtung wird durch Team, Leitung und Elternschaft gepr\u00e4gt.\u00a0<\/p><p>Alle Eltern sind Mitglieder im Verein und \u00fcbernehmen eigenst\u00e4ndig die Organisation und die Verwaltung der Einrichtung. Der Vorstand \u00fcbernimmt die Aufgaben der Finanzverwaltung, Personalverwaltung und Belegungsplanung.<\/p><p>Das Team und die Leitung sind f\u00fcr die p\u00e4dagogische Arbeit zust\u00e4ndig.<\/p><p>Alle Mitglieder zeigen Engagement, um den Verein und somit die Kindertagesst\u00e4tte positiv zu unterst\u00fctzen.<\/p><p>Hier finden Sie die\u00a0<a style=\"background-color: #ffffff;\" href=\"http:\/\/windelflitzer-leonberg.de\/wp-content\/uploads\/2023\/11\/Satzung-Nov-23.pdf\" target=\"_blank\" rel=\"noopener\">aktuelle Version der\u00a0Satzung<\/a>\u00a0des Windelflitzer e.V.\u00a0als PDF-Datei.<\/p><\/div>\n\t\t\t\t<\/div>\n\t\t\t\t<\/div>\n\t\t\t\t\t\t<\/div>\n\t\t\t\t\t<\/div>\n\t\t<\/div>\n\t\t\t\t\t\t\t\t<\/div>\n\t\t\t\t\t<\/div>\n\t\t<\/section>\n\t\t\t\t\t\t<\/div>\n\t\t\t\t\t\t<\/div>\n\t\t\t\t\t<\/div>\n\t\t","protected":false},"excerpt":{"rendered":"<p>Der gemeinn\u00fctzige Elternverein \u201eWindelflitzer e.V.\u201c ist ein anerkannter Tr\u00e4ger der freien Jugendhilfe und hat sich im Jahr 2006 gegr\u00fcndet. Die Initiative ging vorwiegend von Eltern aus, die bei der Firma Bosch arbeiten. Das Profil der Tageseinrichtung wird durch Team, Leitung und Elternschaft gepr\u00e4gt.\u00a0 Alle Eltern sind Mitglieder im Verein und \u00fcbernehmen eigenst\u00e4ndig die Organisation und &hellip; <\/p>\n<p class=\"link-more\"><a href=\"https:\/\/windelflitzer-leonberg.de\/index.php\/verein\/\" class=\"more-link\"><span class=\"screen-reader-text\">\u201eVerein\u201c<\/span> weiterlesen<\/a><\/p>\n","protected":false},"author":2,"featured_media":0,"parent":0,"menu_order":0,"comment_status":"closed","ping_status":"closed","template":"","meta":[],"_links":{"self":[{"href":"https:\/\/windelflitzer-leonberg.de\/index.php\/wp-json\/wp\/v2\/pages\/53"}],"collection":[{"href":"https:\/\/windelflitzer-leonberg.de\/index.php\/wp-json\/wp\/v2\/pages"}],"about":[{"href":"https:\/\/windelflitzer-leonberg.de\/index.php\/wp-json\/wp\/v2\/types\/page"}],"author":[{"embeddable":true,"href":"https:\/\/windelflitzer-leonberg.de\/index.php\/wp-json\/wp\/v2\/users\/2"}],"replies":[{"embeddable":true,"href":"https:\/\/windelflitzer-leonberg.de\/index.php\/wp-json\/wp\/v2\/comments?post=53"}],"version-history":[{"count":32,"href":"https:\/\/windelflitzer-leonberg.de\/index.php\/wp-json\/wp\/v2\/pages\/53\/revisions"}],"predecessor-version":[{"id":478,"href":"https:\/\/windelflitzer-leonberg.de\/index.php\/wp-json\/wp\/v2\/pages\/53\/revisions\/478"}],"wp:attachment":[{"href":"https:\/\/windelflitzer-leonberg.de\/index.php\/wp-json\/wp\/v2\/media?parent=53"}],"curies":[{"name":"wp","href":"https:\/\/api.w.org\/{rel}","templated":true}]}}